{"id":11,"date":"2016-06-24T09:22:52","date_gmt":"2016-06-24T09:22:52","guid":{"rendered":"http:\/\/preview.physiotherapie-finesse.de\/?page_id=11"},"modified":"2019-05-08T13:52:56","modified_gmt":"2019-05-08T13:52:56","slug":"physiotherapie","status":"publish","type":"page","link":"https:\/\/physiotherapie-finesse.de\/?page_id=11","title":{"rendered":"Physiotherapie"},"content":{"rendered":"<p>[vc_row][vc_column][vc_column_text]Unser Angebot der Physiotherapie orientiert sich an der Definition des Deutschen Physiotherapieverbandes (ZVK) e.V. und umfasst somit die physiotherapeutischen Verfahren der Bewegungstherapie sowie die physikalische Therapie.<\/p>\n<p>Wir arbeiten pr\u00e4ventiv, postoperativ, rehabilitativ oder palliativ auf \u00e4rztliche Verordnung. Unser Behandlungsschwerpunkt liegt im orthop\u00e4dischen und chirurgischen Bereich. Unsere Physiotherapeuten verf\u00fcgen \u00fcber ein hohes Ma\u00df an fachlichem Know-how und haben langj\u00e4hrige Erfahrung in Manueller Therapie, Krankengymnastik, Manueller Lymphdrainage und Klassischer Massage.<\/p>\n<p>Unsere Therapeuten sind st\u00e4ndig an neuen Therapieverfahren interessiert, um Ihnen in punkto Bewegung die bestm\u00f6gliche Behandlung bieten zu k\u00f6nnen.<\/p>\n<p><strong>Die H\u00e4nde unserer Therapeuten sind wertvoll- \u00fcberzeugen Sie sich selbst.<\/strong>[\/vc_column_text][\/vc_column][\/vc_row][vc_row][vc_column][vc_tta_accordion c_icon=&#8220;chevron&#8220; active_section=&#8220;1&#8243; title=&#8220;Physiotherapeutische Anwendungen&#8220;][vc_tta_section title=&#8220;Klassische Massage&#8220; tab_id=&#8220;1469014899099-520eaac9-22a3&#8243;][vc_column_text]<\/p>\n<ul>\n<li>25 Minuten<\/li>\n<\/ul>\n<p>[\/vc_column_text][\/vc_tta_section][vc_tta_section title=&#8220;Manuelle Lymphdrainage&#8220; tab_id=&#8220;1469194446371-6f75030c-68ac&#8220;][vc_column_text]<\/p>\n<ul>\n<li>30 Minuten<\/li>\n<li>45 Minuten<\/li>\n<li>60 Minuten<\/li>\n<\/ul>\n<p>[\/vc_column_text][\/vc_tta_section][vc_tta_section title=&#8220;Krankengymnastik&#8220; tab_id=&#8220;1469194445670-e32379c7-6ebe&#8220;][vc_column_text]<\/p>\n<ul>\n<li>25 Minuten<\/li>\n<\/ul>\n<p>[\/vc_column_text][\/vc_tta_section][vc_tta_section title=&#8220;Manuelle Therapie&#8220; tab_id=&#8220;1469194438249-e95d2a94-cfd5&#8243;][vc_column_text]<\/p>\n<ul>\n<li>25 Minuten<\/li>\n<\/ul>\n<p>[\/vc_column_text][\/vc_tta_section][vc_tta_section title=&#8220;Elektrotherapie&#8220; tab_id=&#8220;1469015575452-b92d10a0-5434&#8243;][vc_column_text]<\/p>\n<ul>\n<li>etwa 15- 20 Minuten<\/li>\n<\/ul>\n<p>[\/vc_column_text][\/vc_tta_section][vc_tta_section title=&#8220;Ultraschall&#8220; tab_id=&#8220;1469015087386-825069f3-ad16&#8243;][vc_column_text]<\/p>\n<ul>\n<li>10-15 Minuten<\/li>\n<\/ul>\n<p>[\/vc_column_text][\/vc_tta_section][vc_tta_section title=&#8220;Fangopackung&#8220; tab_id=&#8220;1469166501612-b63ececd-57c4&#8243;][vc_column_text]<\/p>\n<ul>\n<li>25 Minuten<\/li>\n<\/ul>\n<p>[\/vc_column_text][\/vc_tta_section][vc_tta_section title=&#8220;Warmpackung&#8220; tab_id=&#8220;1469166642457-5963034d-0901&#8243;][vc_column_text]<\/p>\n<ul>\n<li>25 Minuten<\/li>\n<\/ul>\n<p>[\/vc_column_text][\/vc_tta_section][vc_tta_section title=&#8220;Rotlicht&#8220; tab_id=&#8220;1469166640088-22766245-3c4c&#8220;][vc_column_text]<\/p>\n<ul>\n<li>15 Minuten<\/li>\n<\/ul>\n<p>[\/vc_column_text][\/vc_tta_section][vc_tta_section title=&#8220;Heisse Rolle&#8220; tab_id=&#8220;1469166639350-592efe4a-9f4b&#8220;][vc_column_text]<\/p>\n<ul>\n<li>10-15 Minuten<\/li>\n<\/ul>\n<p>[\/vc_column_text][\/vc_tta_section][vc_tta_section title=&#8220;Kryotherapie&#8220; tab_id=&#8220;1469166995282-31d27739-dcb8&#8243;][vc_column_text]<\/p>\n<ul>\n<li>10 Minuten K\u00e4lteanwendung<\/li>\n<\/ul>\n<p>[\/vc_column_text][\/vc_tta_section][vc_tta_section title=&#8220;Traktion&#8220; tab_id=&#8220;1469166998589-32d37637-110b&#8220;][vc_column_text]<\/p>\n<ul>\n<li>20 Minuten\u00a0am Schlingentisch<\/li>\n<\/ul>\n<p>[\/vc_column_text][\/vc_tta_section][vc_tta_section title=&#8220;Kinesio Tape&#8220; tab_id=&#8220;1469166999883-b933c1eb-b57e&#8220;][vc_column_text]<\/p>\n<ul>\n<li>klein, mittel oder gro\u00df<\/li>\n<\/ul>\n<p>[\/vc_column_text][\/vc_tta_section][vc_tta_section title=&#8220;Hausbesuche&#8220; tab_id=&#8220;1486634703080-adbfaab6-8486&#8243;][vc_column_text]<\/p>\n<p>Ich bin ein Textblock. Klicken Sie auf den Bearbeiten Button um diesen Text zu \u00e4ndern. Lorem ipsum dolor sit amet, consectetur adipiscing elit. Ut elit tellus, luctus nec ullamcorper mattis, pulvinar dapibus leo.<\/p>\n<p>[\/vc_column_text][\/vc_tta_section][\/vc_tta_accordion][vc_column_text]<em>\u00a0<\/em>[\/vc_column_text][\/vc_column][\/vc_row]<\/p>\n","protected":false},"excerpt":{"rendered":"<p>[vc_row][vc_column][vc_column_text]Unser Angebot der Physiotherapie orientiert sich an der Definition des Deutschen Physiotherapieverbandes (ZVK) e.V. und umfasst somit die physiotherapeutischen Verfahren der Bewegungstherapie sowie die physikalische Therapie. Wir arbeiten pr\u00e4ventiv, postoperativ, rehabilitativ oder palliativ auf \u00e4rztliche Verordnung. Unser Behandlungsschwerpunkt liegt im orthop\u00e4dischen und chirurgischen Bereich. Unsere Physiotherapeuten verf\u00fcgen \u00fcber ein hohes Ma\u00df an fachlichem Know-how und [&hellip;]<\/p>\n","protected":false},"author":1,"featured_media":90,"parent":0,"menu_order":0,"comment_status":"closed","ping_status":"closed","template":"","meta":{"footnotes":""},"yoast_head":"<!-- This site is optimized with the Yoast SEO plugin v22.9 - https:\/\/yoast.com\/wordpress\/plugins\/seo\/ -->\n<title>Physiotherapie - Physiotherapie Finesse - TRAINING | WELLNESS | B. GESUNDHEITSF\u00d6RDERUNG<\/title>\n<meta name=\"robots\" content=\"index, follow, max-snippet:-1, max-image-preview:large, max-video-preview:-1\" \/>\n<link rel=\"canonical\" href=\"https:\/\/physiotherapie-finesse.de\/?page_id=11\" \/>\n<meta property=\"og:locale\" content=\"de_DE\" \/>\n<meta property=\"og:type\" content=\"article\" \/>\n<meta property=\"og:title\" content=\"Physiotherapie - Physiotherapie Finesse - TRAINING | WELLNESS | B. GESUNDHEITSF\u00d6RDERUNG\" \/>\n<meta property=\"og:description\" content=\"[vc_row][vc_column][vc_column_text]Unser Angebot der Physiotherapie orientiert sich an der Definition des Deutschen Physiotherapieverbandes (ZVK) e.V. und umfasst somit die physiotherapeutischen Verfahren der Bewegungstherapie sowie die physikalische Therapie. Wir arbeiten pr\u00e4ventiv, postoperativ, rehabilitativ oder palliativ auf \u00e4rztliche Verordnung. Unser Behandlungsschwerpunkt liegt im orthop\u00e4dischen und chirurgischen Bereich. Unsere Physiotherapeuten verf\u00fcgen \u00fcber ein hohes Ma\u00df an fachlichem Know-how und [&hellip;]\" \/>\n<meta property=\"og:url\" content=\"https:\/\/physiotherapie-finesse.de\/?page_id=11\" \/>\n<meta property=\"og:site_name\" content=\"Physiotherapie Finesse - TRAINING | WELLNESS | B. GESUNDHEITSF\u00d6RDERUNG\" \/>\n<meta property=\"article:modified_time\" content=\"2019-05-08T13:52:56+00:00\" \/>\n<meta property=\"og:image\" content=\"https:\/\/physiotherapie-finesse.de\/wp-content\/uploads\/2016\/07\/praxis-innen-physio.jpg\" \/>\n\t<meta property=\"og:image:width\" content=\"1920\" \/>\n\t<meta property=\"og:image:height\" content=\"1280\" \/>\n\t<meta property=\"og:image:type\" content=\"image\/jpeg\" \/>\n<meta name=\"twitter:card\" content=\"summary_large_image\" \/>\n<meta name=\"twitter:label1\" content=\"Gesch\u00e4tzte Lesezeit\" \/>\n\t<meta name=\"twitter:data1\" content=\"2 Minuten\" \/>\n<script type=\"application\/ld+json\" class=\"yoast-schema-graph\">{\"@context\":\"https:\/\/schema.org\",\"@graph\":[{\"@type\":\"WebPage\",\"@id\":\"https:\/\/physiotherapie-finesse.de\/?page_id=11\",\"url\":\"https:\/\/physiotherapie-finesse.de\/?page_id=11\",\"name\":\"Physiotherapie - Physiotherapie Finesse - TRAINING | WELLNESS | B. GESUNDHEITSF\u00d6RDERUNG\",\"isPartOf\":{\"@id\":\"https:\/\/physiotherapie-finesse.de\/#website\"},\"primaryImageOfPage\":{\"@id\":\"https:\/\/physiotherapie-finesse.de\/?page_id=11#primaryimage\"},\"image\":{\"@id\":\"https:\/\/physiotherapie-finesse.de\/?page_id=11#primaryimage\"},\"thumbnailUrl\":\"https:\/\/physiotherapie-finesse.de\/wp-content\/uploads\/2016\/07\/praxis-innen-physio.jpg\",\"datePublished\":\"2016-06-24T09:22:52+00:00\",\"dateModified\":\"2019-05-08T13:52:56+00:00\",\"breadcrumb\":{\"@id\":\"https:\/\/physiotherapie-finesse.de\/?page_id=11#breadcrumb\"},\"inLanguage\":\"de-DE\",\"potentialAction\":[{\"@type\":\"ReadAction\",\"target\":[\"https:\/\/physiotherapie-finesse.de\/?page_id=11\"]}]},{\"@type\":\"ImageObject\",\"inLanguage\":\"de-DE\",\"@id\":\"https:\/\/physiotherapie-finesse.de\/?page_id=11#primaryimage\",\"url\":\"https:\/\/physiotherapie-finesse.de\/wp-content\/uploads\/2016\/07\/praxis-innen-physio.jpg\",\"contentUrl\":\"https:\/\/physiotherapie-finesse.de\/wp-content\/uploads\/2016\/07\/praxis-innen-physio.jpg\",\"width\":1920,\"height\":1280},{\"@type\":\"BreadcrumbList\",\"@id\":\"https:\/\/physiotherapie-finesse.de\/?page_id=11#breadcrumb\",\"itemListElement\":[{\"@type\":\"ListItem\",\"position\":1,\"name\":\"Startseite\",\"item\":\"https:\/\/physiotherapie-finesse.de\/\"},{\"@type\":\"ListItem\",\"position\":2,\"name\":\"Physiotherapie\"}]},{\"@type\":\"WebSite\",\"@id\":\"https:\/\/physiotherapie-finesse.de\/#website\",\"url\":\"https:\/\/physiotherapie-finesse.de\/\",\"name\":\"Physiotherapie Finesse - TRAINING | WELLNESS | B. GESUNDHEITSF\u00d6RDERUNG\",\"description\":\"\",\"potentialAction\":[{\"@type\":\"SearchAction\",\"target\":{\"@type\":\"EntryPoint\",\"urlTemplate\":\"https:\/\/physiotherapie-finesse.de\/?s={search_term_string}\"},\"query-input\":\"required name=search_term_string\"}],\"inLanguage\":\"de-DE\"}]}<\/script>\n<!-- \/ Yoast SEO plugin. -->","yoast_head_json":{"title":"Physiotherapie - Physiotherapie Finesse - TRAINING | WELLNESS | B. GESUNDHEITSF\u00d6RDERUNG","robots":{"index":"index","follow":"follow","max-snippet":"max-snippet:-1","max-image-preview":"max-image-preview:large","max-video-preview":"max-video-preview:-1"},"canonical":"https:\/\/physiotherapie-finesse.de\/?page_id=11","og_locale":"de_DE","og_type":"article","og_title":"Physiotherapie - Physiotherapie Finesse - TRAINING | WELLNESS | B. GESUNDHEITSF\u00d6RDERUNG","og_description":"[vc_row][vc_column][vc_column_text]Unser Angebot der Physiotherapie orientiert sich an der Definition des Deutschen Physiotherapieverbandes (ZVK) e.V. und umfasst somit die physiotherapeutischen Verfahren der Bewegungstherapie sowie die physikalische Therapie. Wir arbeiten pr\u00e4ventiv, postoperativ, rehabilitativ oder palliativ auf \u00e4rztliche Verordnung. Unser Behandlungsschwerpunkt liegt im orthop\u00e4dischen und chirurgischen Bereich. Unsere Physiotherapeuten verf\u00fcgen \u00fcber ein hohes Ma\u00df an fachlichem Know-how und [&hellip;]","og_url":"https:\/\/physiotherapie-finesse.de\/?page_id=11","og_site_name":"Physiotherapie Finesse - TRAINING | WELLNESS | B. GESUNDHEITSF\u00d6RDERUNG","article_modified_time":"2019-05-08T13:52:56+00:00","og_image":[{"width":1920,"height":1280,"url":"https:\/\/physiotherapie-finesse.de\/wp-content\/uploads\/2016\/07\/praxis-innen-physio.jpg","type":"image\/jpeg"}],"twitter_card":"summary_large_image","twitter_misc":{"Gesch\u00e4tzte Lesezeit":"2 Minuten"},"schema":{"@context":"https:\/\/schema.org","@graph":[{"@type":"WebPage","@id":"https:\/\/physiotherapie-finesse.de\/?page_id=11","url":"https:\/\/physiotherapie-finesse.de\/?page_id=11","name":"Physiotherapie - Physiotherapie Finesse - TRAINING | WELLNESS | B. GESUNDHEITSF\u00d6RDERUNG","isPartOf":{"@id":"https:\/\/physiotherapie-finesse.de\/#website"},"primaryImageOfPage":{"@id":"https:\/\/physiotherapie-finesse.de\/?page_id=11#primaryimage"},"image":{"@id":"https:\/\/physiotherapie-finesse.de\/?page_id=11#primaryimage"},"thumbnailUrl":"https:\/\/physiotherapie-finesse.de\/wp-content\/uploads\/2016\/07\/praxis-innen-physio.jpg","datePublished":"2016-06-24T09:22:52+00:00","dateModified":"2019-05-08T13:52:56+00:00","breadcrumb":{"@id":"https:\/\/physiotherapie-finesse.de\/?page_id=11#breadcrumb"},"inLanguage":"de-DE","potentialAction":[{"@type":"ReadAction","target":["https:\/\/physiotherapie-finesse.de\/?page_id=11"]}]},{"@type":"ImageObject","inLanguage":"de-DE","@id":"https:\/\/physiotherapie-finesse.de\/?page_id=11#primaryimage","url":"https:\/\/physiotherapie-finesse.de\/wp-content\/uploads\/2016\/07\/praxis-innen-physio.jpg","contentUrl":"https:\/\/physiotherapie-finesse.de\/wp-content\/uploads\/2016\/07\/praxis-innen-physio.jpg","width":1920,"height":1280},{"@type":"BreadcrumbList","@id":"https:\/\/physiotherapie-finesse.de\/?page_id=11#breadcrumb","itemListElement":[{"@type":"ListItem","position":1,"name":"Startseite","item":"https:\/\/physiotherapie-finesse.de\/"},{"@type":"ListItem","position":2,"name":"Physiotherapie"}]},{"@type":"WebSite","@id":"https:\/\/physiotherapie-finesse.de\/#website","url":"https:\/\/physiotherapie-finesse.de\/","name":"Physiotherapie Finesse - TRAINING | WELLNESS | B. GESUNDHEITSF\u00d6RDERUNG","description":"","potentialAction":[{"@type":"SearchAction","target":{"@type":"EntryPoint","urlTemplate":"https:\/\/physiotherapie-finesse.de\/?s={search_term_string}"},"query-input":"required name=search_term_string"}],"inLanguage":"de-DE"}]}},"_links":{"self":[{"href":"https:\/\/physiotherapie-finesse.de\/index.php?rest_route=\/wp\/v2\/pages\/11"}],"collection":[{"href":"https:\/\/physiotherapie-finesse.de\/index.php?rest_route=\/wp\/v2\/pages"}],"about":[{"href":"https:\/\/physiotherapie-finesse.de\/index.php?rest_route=\/wp\/v2\/types\/page"}],"author":[{"embeddable":true,"href":"https:\/\/physiotherapie-finesse.de\/index.php?rest_route=\/wp\/v2\/users\/1"}],"replies":[{"embeddable":true,"href":"https:\/\/physiotherapie-finesse.de\/index.php?rest_route=%2Fwp%2Fv2%2Fcomments&post=11"}],"version-history":[{"count":29,"href":"https:\/\/physiotherapie-finesse.de\/index.php?rest_route=\/wp\/v2\/pages\/11\/revisions"}],"predecessor-version":[{"id":619,"href":"https:\/\/physiotherapie-finesse.de\/index.php?rest_route=\/wp\/v2\/pages\/11\/revisions\/619"}],"wp:featuredmedia":[{"embeddable":true,"href":"https:\/\/physiotherapie-finesse.de\/index.php?rest_route=\/wp\/v2\/media\/90"}],"wp:attachment":[{"href":"https:\/\/physiotherapie-finesse.de\/index.php?rest_route=%2Fwp%2Fv2%2Fmedia&parent=11"}],"curies":[{"name":"wp","href":"https:\/\/api.w.org\/{rel}","templated":true}]}}