{"id":17,"date":"2016-06-24T09:23:59","date_gmt":"2016-06-24T09:23:59","guid":{"rendered":"http:\/\/preview.physiotherapie-finesse.de\/?page_id=17"},"modified":"2017-02-28T14:18:15","modified_gmt":"2017-02-28T14:18:15","slug":"betriebliche-gesundheitsfoerderung","status":"publish","type":"page","link":"https:\/\/physiotherapie-finesse.de\/?page_id=17","title":{"rendered":"Betriebliche Gesundheitsf\u00f6rderung"},"content":{"rendered":"<p>Viele Unternehmen haben bereits erkannt, dass sich die Gesundheit der Mitarbeiter positiv auf Leistungsprozesse auswirkt. Die Physiotherapie Finesse kann zur Verbesserung des Gesundheitszustandes Ihrer Mitarbeiter beitragen. Durch die Steigerung der Zufriedenheit Ihrer Mitarbeiter schaffen Sie die Basis f\u00fcr ein positives Arbeitsklima.<\/p>\n<p>&nbsp;<\/p>\n<p>Unser\u00a0Leistungsangebot erstreckt sich \u00fcber Entspannungsmassagen in Form von Einzelbehandlungen bis\u00a0hin zu\u00a0dynamischer Gruppenbetreuung, mittels Funktionellem Training, R\u00fcckenschule, sowie der F\u00f6rderung von Entspannung und Stressbew\u00e4ltigung durch bspw. Yoga oder dem Angebot zu Stressmanagement. Die Leistungen\u00a0werden nach den individuellen Bed\u00fcrfnissen Ihrer Fachbereiche abgestimmt. Gern besichtigen wir auch Ihren Arbeitsplatz und geben Ihnen hilfreiche Impulse zur \u00d6konomisierung und ergonomischen Gestaltung Ihres Wirkungsfeldes.<\/p>\n<p>&nbsp;<\/p>\n<p><img loading=\"lazy\" decoding=\"async\" class=\"aligncenter size-large wp-image-446\" src=\"http:\/\/physiotherapie-finesse.de\/wp-content\/uploads\/2016\/06\/PT-Finesse_BGF-1024x724.jpg\" alt=\"PT Finesse_BGF\" width=\"1024\" height=\"724\" srcset=\"https:\/\/physiotherapie-finesse.de\/wp-content\/uploads\/2016\/06\/PT-Finesse_BGF-1024x724.jpg 1024w, https:\/\/physiotherapie-finesse.de\/wp-content\/uploads\/2016\/06\/PT-Finesse_BGF-300x212.jpg 300w, https:\/\/physiotherapie-finesse.de\/wp-content\/uploads\/2016\/06\/PT-Finesse_BGF-768x543.jpg 768w\" sizes=\"(max-width: 1024px) 100vw, 1024px\" \/><\/p>\n<p><img loading=\"lazy\" decoding=\"async\" class=\"aligncenter size-large wp-image-447\" src=\"http:\/\/physiotherapie-finesse.de\/wp-content\/uploads\/2016\/06\/PT-Finesse_BGF2-1024x724.jpg\" alt=\"PT Finesse_BGF2\" width=\"1024\" height=\"724\" srcset=\"https:\/\/physiotherapie-finesse.de\/wp-content\/uploads\/2016\/06\/PT-Finesse_BGF2-1024x724.jpg 1024w, https:\/\/physiotherapie-finesse.de\/wp-content\/uploads\/2016\/06\/PT-Finesse_BGF2-300x212.jpg 300w, https:\/\/physiotherapie-finesse.de\/wp-content\/uploads\/2016\/06\/PT-Finesse_BGF2-768x543.jpg 768w\" sizes=\"(max-width: 1024px) 100vw, 1024px\" \/><\/p>\n","protected":false},"excerpt":{"rendered":"<p>Viele Unternehmen haben bereits erkannt, dass sich die Gesundheit der Mitarbeiter positiv auf Leistungsprozesse auswirkt. Die Physiotherapie Finesse kann zur Verbesserung des Gesundheitszustandes Ihrer Mitarbeiter beitragen. Durch die Steigerung der Zufriedenheit Ihrer Mitarbeiter schaffen Sie die Basis f\u00fcr ein positives Arbeitsklima. &nbsp; Unser\u00a0Leistungsangebot erstreckt sich \u00fcber Entspannungsmassagen in Form von Einzelbehandlungen bis\u00a0hin zu\u00a0dynamischer Gruppenbetreuung, mittels [&hellip;]<\/p>\n","protected":false},"author":1,"featured_media":103,"parent":0,"menu_order":0,"comment_status":"closed","ping_status":"closed","template":"","meta":{"footnotes":""},"yoast_head":"<!-- This site is optimized with the Yoast SEO plugin v22.9 - https:\/\/yoast.com\/wordpress\/plugins\/seo\/ -->\n<title>Betriebliche Gesundheitsf\u00f6rderung - Physiotherapie Finesse - TRAINING | WELLNESS | B. GESUNDHEITSF\u00d6RDERUNG<\/title>\n<meta name=\"robots\" content=\"index, follow, max-snippet:-1, max-image-preview:large, max-video-preview:-1\" \/>\n<link rel=\"canonical\" href=\"https:\/\/physiotherapie-finesse.de\/?page_id=17\" \/>\n<meta property=\"og:locale\" content=\"de_DE\" \/>\n<meta property=\"og:type\" content=\"article\" \/>\n<meta property=\"og:title\" content=\"Betriebliche Gesundheitsf\u00f6rderung - Physiotherapie Finesse - TRAINING | WELLNESS | B. GESUNDHEITSF\u00d6RDERUNG\" \/>\n<meta property=\"og:description\" content=\"Viele Unternehmen haben bereits erkannt, dass sich die Gesundheit der Mitarbeiter positiv auf Leistungsprozesse auswirkt. Die Physiotherapie Finesse kann zur Verbesserung des Gesundheitszustandes Ihrer Mitarbeiter beitragen. Durch die Steigerung der Zufriedenheit Ihrer Mitarbeiter schaffen Sie die Basis f\u00fcr ein positives Arbeitsklima. &nbsp; Unser\u00a0Leistungsangebot erstreckt sich \u00fcber Entspannungsmassagen in Form von Einzelbehandlungen bis\u00a0hin zu\u00a0dynamischer Gruppenbetreuung, mittels [&hellip;]\" \/>\n<meta property=\"og:url\" content=\"https:\/\/physiotherapie-finesse.de\/?page_id=17\" \/>\n<meta property=\"og:site_name\" content=\"Physiotherapie Finesse - TRAINING | WELLNESS | B. GESUNDHEITSF\u00d6RDERUNG\" \/>\n<meta property=\"article:modified_time\" content=\"2017-02-28T14:18:15+00:00\" \/>\n<meta property=\"og:image\" content=\"https:\/\/physiotherapie-finesse.de\/wp-content\/uploads\/2016\/07\/praxis-counter.jpg\" \/>\n\t<meta property=\"og:image:width\" content=\"1920\" \/>\n\t<meta property=\"og:image:height\" content=\"1280\" \/>\n\t<meta property=\"og:image:type\" content=\"image\/jpeg\" \/>\n<meta name=\"twitter:card\" content=\"summary_large_image\" \/>\n<meta name=\"twitter:label1\" content=\"Gesch\u00e4tzte Lesezeit\" \/>\n\t<meta name=\"twitter:data1\" content=\"1 Minute\" \/>\n<script type=\"application\/ld+json\" class=\"yoast-schema-graph\">{\"@context\":\"https:\/\/schema.org\",\"@graph\":[{\"@type\":\"WebPage\",\"@id\":\"https:\/\/physiotherapie-finesse.de\/?page_id=17\",\"url\":\"https:\/\/physiotherapie-finesse.de\/?page_id=17\",\"name\":\"Betriebliche Gesundheitsf\u00f6rderung - Physiotherapie Finesse - TRAINING | WELLNESS | B. GESUNDHEITSF\u00d6RDERUNG\",\"isPartOf\":{\"@id\":\"https:\/\/physiotherapie-finesse.de\/#website\"},\"primaryImageOfPage\":{\"@id\":\"https:\/\/physiotherapie-finesse.de\/?page_id=17#primaryimage\"},\"image\":{\"@id\":\"https:\/\/physiotherapie-finesse.de\/?page_id=17#primaryimage\"},\"thumbnailUrl\":\"https:\/\/physiotherapie-finesse.de\/wp-content\/uploads\/2016\/07\/praxis-counter.jpg\",\"datePublished\":\"2016-06-24T09:23:59+00:00\",\"dateModified\":\"2017-02-28T14:18:15+00:00\",\"breadcrumb\":{\"@id\":\"https:\/\/physiotherapie-finesse.de\/?page_id=17#breadcrumb\"},\"inLanguage\":\"de-DE\",\"potentialAction\":[{\"@type\":\"ReadAction\",\"target\":[\"https:\/\/physiotherapie-finesse.de\/?page_id=17\"]}]},{\"@type\":\"ImageObject\",\"inLanguage\":\"de-DE\",\"@id\":\"https:\/\/physiotherapie-finesse.de\/?page_id=17#primaryimage\",\"url\":\"https:\/\/physiotherapie-finesse.de\/wp-content\/uploads\/2016\/07\/praxis-counter.jpg\",\"contentUrl\":\"https:\/\/physiotherapie-finesse.de\/wp-content\/uploads\/2016\/07\/praxis-counter.jpg\",\"width\":1920,\"height\":1280},{\"@type\":\"BreadcrumbList\",\"@id\":\"https:\/\/physiotherapie-finesse.de\/?page_id=17#breadcrumb\",\"itemListElement\":[{\"@type\":\"ListItem\",\"position\":1,\"name\":\"Startseite\",\"item\":\"https:\/\/physiotherapie-finesse.de\/\"},{\"@type\":\"ListItem\",\"position\":2,\"name\":\"Betriebliche Gesundheitsf\u00f6rderung\"}]},{\"@type\":\"WebSite\",\"@id\":\"https:\/\/physiotherapie-finesse.de\/#website\",\"url\":\"https:\/\/physiotherapie-finesse.de\/\",\"name\":\"Physiotherapie Finesse - TRAINING | WELLNESS | B. GESUNDHEITSF\u00d6RDERUNG\",\"description\":\"\",\"potentialAction\":[{\"@type\":\"SearchAction\",\"target\":{\"@type\":\"EntryPoint\",\"urlTemplate\":\"https:\/\/physiotherapie-finesse.de\/?s={search_term_string}\"},\"query-input\":\"required name=search_term_string\"}],\"inLanguage\":\"de-DE\"}]}<\/script>\n<!-- \/ Yoast SEO plugin. -->","yoast_head_json":{"title":"Betriebliche Gesundheitsf\u00f6rderung - Physiotherapie Finesse - TRAINING | WELLNESS | B. GESUNDHEITSF\u00d6RDERUNG","robots":{"index":"index","follow":"follow","max-snippet":"max-snippet:-1","max-image-preview":"max-image-preview:large","max-video-preview":"max-video-preview:-1"},"canonical":"https:\/\/physiotherapie-finesse.de\/?page_id=17","og_locale":"de_DE","og_type":"article","og_title":"Betriebliche Gesundheitsf\u00f6rderung - Physiotherapie Finesse - TRAINING | WELLNESS | B. GESUNDHEITSF\u00d6RDERUNG","og_description":"Viele Unternehmen haben bereits erkannt, dass sich die Gesundheit der Mitarbeiter positiv auf Leistungsprozesse auswirkt. Die Physiotherapie Finesse kann zur Verbesserung des Gesundheitszustandes Ihrer Mitarbeiter beitragen. Durch die Steigerung der Zufriedenheit Ihrer Mitarbeiter schaffen Sie die Basis f\u00fcr ein positives Arbeitsklima. &nbsp; Unser\u00a0Leistungsangebot erstreckt sich \u00fcber Entspannungsmassagen in Form von Einzelbehandlungen bis\u00a0hin zu\u00a0dynamischer Gruppenbetreuung, mittels [&hellip;]","og_url":"https:\/\/physiotherapie-finesse.de\/?page_id=17","og_site_name":"Physiotherapie Finesse - TRAINING | WELLNESS | B. GESUNDHEITSF\u00d6RDERUNG","article_modified_time":"2017-02-28T14:18:15+00:00","og_image":[{"width":1920,"height":1280,"url":"https:\/\/physiotherapie-finesse.de\/wp-content\/uploads\/2016\/07\/praxis-counter.jpg","type":"image\/jpeg"}],"twitter_card":"summary_large_image","twitter_misc":{"Gesch\u00e4tzte Lesezeit":"1 Minute"},"schema":{"@context":"https:\/\/schema.org","@graph":[{"@type":"WebPage","@id":"https:\/\/physiotherapie-finesse.de\/?page_id=17","url":"https:\/\/physiotherapie-finesse.de\/?page_id=17","name":"Betriebliche Gesundheitsf\u00f6rderung - Physiotherapie Finesse - TRAINING | WELLNESS | B. GESUNDHEITSF\u00d6RDERUNG","isPartOf":{"@id":"https:\/\/physiotherapie-finesse.de\/#website"},"primaryImageOfPage":{"@id":"https:\/\/physiotherapie-finesse.de\/?page_id=17#primaryimage"},"image":{"@id":"https:\/\/physiotherapie-finesse.de\/?page_id=17#primaryimage"},"thumbnailUrl":"https:\/\/physiotherapie-finesse.de\/wp-content\/uploads\/2016\/07\/praxis-counter.jpg","datePublished":"2016-06-24T09:23:59+00:00","dateModified":"2017-02-28T14:18:15+00:00","breadcrumb":{"@id":"https:\/\/physiotherapie-finesse.de\/?page_id=17#breadcrumb"},"inLanguage":"de-DE","potentialAction":[{"@type":"ReadAction","target":["https:\/\/physiotherapie-finesse.de\/?page_id=17"]}]},{"@type":"ImageObject","inLanguage":"de-DE","@id":"https:\/\/physiotherapie-finesse.de\/?page_id=17#primaryimage","url":"https:\/\/physiotherapie-finesse.de\/wp-content\/uploads\/2016\/07\/praxis-counter.jpg","contentUrl":"https:\/\/physiotherapie-finesse.de\/wp-content\/uploads\/2016\/07\/praxis-counter.jpg","width":1920,"height":1280},{"@type":"BreadcrumbList","@id":"https:\/\/physiotherapie-finesse.de\/?page_id=17#breadcrumb","itemListElement":[{"@type":"ListItem","position":1,"name":"Startseite","item":"https:\/\/physiotherapie-finesse.de\/"},{"@type":"ListItem","position":2,"name":"Betriebliche Gesundheitsf\u00f6rderung"}]},{"@type":"WebSite","@id":"https:\/\/physiotherapie-finesse.de\/#website","url":"https:\/\/physiotherapie-finesse.de\/","name":"Physiotherapie Finesse - TRAINING | WELLNESS | B. GESUNDHEITSF\u00d6RDERUNG","description":"","potentialAction":[{"@type":"SearchAction","target":{"@type":"EntryPoint","urlTemplate":"https:\/\/physiotherapie-finesse.de\/?s={search_term_string}"},"query-input":"required name=search_term_string"}],"inLanguage":"de-DE"}]}},"_links":{"self":[{"href":"https:\/\/physiotherapie-finesse.de\/index.php?rest_route=\/wp\/v2\/pages\/17"}],"collection":[{"href":"https:\/\/physiotherapie-finesse.de\/index.php?rest_route=\/wp\/v2\/pages"}],"about":[{"href":"https:\/\/physiotherapie-finesse.de\/index.php?rest_route=\/wp\/v2\/types\/page"}],"author":[{"embeddable":true,"href":"https:\/\/physiotherapie-finesse.de\/index.php?rest_route=\/wp\/v2\/users\/1"}],"replies":[{"embeddable":true,"href":"https:\/\/physiotherapie-finesse.de\/index.php?rest_route=%2Fwp%2Fv2%2Fcomments&post=17"}],"version-history":[{"count":14,"href":"https:\/\/physiotherapie-finesse.de\/index.php?rest_route=\/wp\/v2\/pages\/17\/revisions"}],"predecessor-version":[{"id":449,"href":"https:\/\/physiotherapie-finesse.de\/index.php?rest_route=\/wp\/v2\/pages\/17\/revisions\/449"}],"wp:featuredmedia":[{"embeddable":true,"href":"https:\/\/physiotherapie-finesse.de\/index.php?rest_route=\/wp\/v2\/media\/103"}],"wp:attachment":[{"href":"https:\/\/physiotherapie-finesse.de\/index.php?rest_route=%2Fwp%2Fv2%2Fmedia&parent=17"}],"curies":[{"name":"wp","href":"https:\/\/api.w.org\/{rel}","templated":true}]}}