{"id":6,"date":"2016-06-24T09:11:47","date_gmt":"2016-06-24T09:11:47","guid":{"rendered":"http:\/\/preview.physiotherapie-finesse.de\/?page_id=6"},"modified":"2019-07-01T16:42:18","modified_gmt":"2019-07-01T16:42:18","slug":"6-2","status":"publish","type":"page","link":"https:\/\/physiotherapie-finesse.de\/","title":{"rendered":""},"content":{"rendered":"<p>[vc_row full_width=&#8220;0&#8243; full_height=&#8220;0&#8243; row_padding=&#8220;no_padding&#8220; cols_padding=&#8220;no_cols_padding&#8220; elevate=&#8220;elevate&#8220; background=&#8220;transparent&#8220; el_class=&#8220;folded_section&#8220;][vc_column width=&#8220;1\/4&#8243; color_set=&#8220;skincolored_section&#8220; background=&#8220;transparent&#8220; offset=&#8220;vc_col-xs-6&#8243; css=&#8220;.vc_custom_1467308606596{background-color: #e0d2b5 !important;}&#8220;]<!-- ========================== TEASER BOX ==========================-->\r\n\r\n<div class=\"teaser_box wpb_content_element text-center  transparent boxed same_height_col  with_button \">\r\n\r\n\r\n\r\n      <a href=\"http:\/\/preview.physiotherapie-finesse.de\/?page_id=11\" title=\"\" target=\"\"> \r\n\r\n        \r\n\r\n    <\/a>\r\n\r\n\r\n\r\n  <div class=\"content text-center   with_button \">\r\n    \r\n    <div class=\"hgroup\">\r\n       <h4>Physiotherapie<\/h4>\r\n      \r\n    <\/div>\r\n\r\n    \r\n\r\n    <div class=\"link centered\">\r\n        <a href=\"http:\/\/preview.physiotherapie-finesse.de\/?page_id=11\"   class=\"btn btn-xs btn-default\"><strong>Mehr erfahren...<\/strong><\/a>\r\n    <\/div>\r\n\r\n  <\/div>\r\n\r\n<\/div>\r\n\r\n<!-- END======================= TEASER BOX ==========================-->\r\n[\/vc_column][vc_column width=&#8220;1\/4&#8243; color_set=&#8220;skincolored_section&#8220; background=&#8220;transparent&#8220; offset=&#8220;vc_col-xs-6&#8243; css=&#8220;.vc_custom_1467308661047{background-color: #a3c7c1 !important;}&#8220;]<!-- ========================== TEASER BOX ==========================-->\r\n\r\n<div class=\"teaser_box wpb_content_element text-center  transparent boxed same_height_col  with_button \">\r\n\r\n\r\n\r\n      <a href=\"http:\/\/preview.physiotherapie-finesse.de\/?page_id=13\" title=\"\" target=\"\"> \r\n\r\n        \r\n\r\n    <\/a>\r\n\r\n\r\n\r\n  <div class=\"content text-center   with_button \">\r\n    \r\n    <div class=\"hgroup\">\r\n       <h4>Training und Pr\u00e4vention<\/h4>\r\n      \r\n    <\/div>\r\n\r\n    \r\n\r\n    <div class=\"link centered\">\r\n        <a href=\"http:\/\/preview.physiotherapie-finesse.de\/?page_id=13\"   class=\"btn btn-xs btn-default\"><strong>Mehr erfahren...<\/strong><\/a>\r\n    <\/div>\r\n\r\n  <\/div>\r\n\r\n<\/div>\r\n\r\n<!-- END======================= TEASER BOX ==========================-->\r\n[\/vc_column][vc_column width=&#8220;1\/4&#8243; color_set=&#8220;skincolored_section&#8220; offset=&#8220;vc_col-xs-6&#8243; css=&#8220;.vc_custom_1467308727291{background-color: #e7dde3 !important;}&#8220;]<!-- ========================== TEASER BOX ==========================-->\r\n\r\n<div class=\"teaser_box wpb_content_element text-center  transparent boxed same_height_col  with_button \">\r\n\r\n\r\n\r\n      <a href=\"http:\/\/preview.physiotherapie-finesse.de\/?page_id=15\" title=\"\" target=\"\"> \r\n\r\n        \r\n\r\n    <\/a>\r\n\r\n\r\n\r\n  <div class=\"content text-center   with_button \">\r\n    \r\n    <div class=\"hgroup\">\r\n       <h4>Wellness und Entspannung<\/h4>\r\n      \r\n    <\/div>\r\n\r\n    \r\n\r\n    <div class=\"link centered\">\r\n        <a href=\"http:\/\/preview.physiotherapie-finesse.de\/?page_id=15\"   class=\"btn btn-xs btn-default\"><strong>Mehr erfahren...<\/strong><\/a>\r\n    <\/div>\r\n\r\n  <\/div>\r\n\r\n<\/div>\r\n\r\n<!-- END======================= TEASER BOX ==========================-->\r\n[\/vc_column][vc_column width=&#8220;1\/4&#8243; color_set=&#8220;skincolored_section&#8220; background=&#8220;transparent&#8220; offset=&#8220;vc_col-xs-6&#8243; css=&#8220;.vc_custom_1467308748233{background-color: #96cb9e !important;}&#8220;]<!-- ========================== TEASER BOX ==========================-->\r\n\r\n<div class=\"teaser_box wpb_content_element text-center  transparent boxed same_height_col  with_button \">\r\n\r\n\r\n\r\n      <a href=\"http:\/\/preview.physiotherapie-finesse.de\/?page_id=17\" title=\"\" target=\"\"> \r\n\r\n        \r\n\r\n    <\/a>\r\n\r\n\r\n\r\n  <div class=\"content text-center   with_button \">\r\n    \r\n    <div class=\"hgroup\">\r\n       <h4>Betriebliche Gesundheitsf\u00f6rderung<\/h4>\r\n      \r\n    <\/div>\r\n\r\n    \r\n\r\n    <div class=\"link centered\">\r\n        <a href=\"http:\/\/preview.physiotherapie-finesse.de\/?page_id=17\"   class=\"btn btn-xs btn-default\"><strong>Mehr erfahren...<\/strong><\/a>\r\n    <\/div>\r\n\r\n  <\/div>\r\n\r\n<\/div>\r\n\r\n<!-- END======================= TEASER BOX ==========================-->\r\n[\/vc_column][\/vc_row][vc_row full_width=&#8220;0&#8243; full_height=&#8220;0&#8243; row_padding=&#8220;no_top_padding&#8220; sep_bottom=&#8220;separator_bottom sep_angled_positive_bottom&#8220; particles=&#8220;0&#8243;][vc_column]<div class=\"section_header subtitle_bottom   fancy text-left\">\r\n\r\n    <h2>Herzlich Willkommen in der Physiotherapie Finesse<\/h2>\n\r\n\r\n        <p>TRAINING | WELLNESS | BETRIEBLICHE GESUNDHEITSF\u00d6RDERUNG<\/p>\r\n<\/div>[\/vc_column][vc_column el_class=&#8220;&#8220; width=&#8220;&#8220; heading_align=&#8220;&#8220; align=&#8220;&#8220; color_set=&#8220;&#8220; background=&#8220;&#8220; transparent_overlay=&#8220;&#8220; boxed=&#8220;&#8220; margin=&#8220;&#8220; elevate=&#8220;&#8220; same_height_col=&#8220;&#8220; animation=&#8220;&#8220; offset=&#8220;&#8220; css=&#8220;&#8220; heading=&#8220;&#8220;][vc_column_text]<strong>Ihr\u00a0Ansprechpartner\u00a0f\u00fcr\u00a0Physiotherapie,\u00a0Training,\u00a0Wellness\u00a0und\u00a0Betriebliche\u00a0Gesundheitsf\u00f6rderung<\/strong><\/p>\n<p>Ihr Arzt\/ Ihre \u00c4rztin hat Ihnen Krankengymnastik,\u00a0Manuelle\u00a0Therapie,\u00a0manuelle\u00a0Lymphdrainage\u00a0oder\u00a0eine\u00a0andere Ma\u00dfnahme\u00a0der\u00a0Physikalischen\u00a0Therapie\u00a0verordnet?Sie\u00a0hatten\u00a0eine\u00a0Verletzung\u00a0oder\u00a0Operation\u00a0und\u00a0ben\u00f6tigen\u00a0zur Genesung eine Physiotherapie?\u00a0Gern\u00a0begleiten\u00a0und\u00a0unterst\u00fctzen\u00a0wir\u00a0Sie\u00a0bei\u00a0der\u00a0Erreichung\u00a0Ihrer\u00a0Therapieziele!<br \/>Bei uns werden DISKRETION, KOMMUNIKATION und VERTRAUEN gro\u00df geschrieben. In unseren exklusiv gestalteten Behandlungsr\u00e4umen befinden sich zum Zeitpunkt der Behandlung ausschlie\u00dflich Sie und Ihre Therapeutin. In unseren Augen bildet dies die Basis f\u00fcr ein harmonisches und vertrauensvolles Miteinander.<\/p>\n<p>Sie sind interessiert an Pr\u00e4ventionsangeboten und\u00a0m\u00f6chten\u00a0in unserem liebevoll\u00a0gestalteten\u00a0Ambiente\u00a0aktiv\u00a0werden? Dann sprechen\u00a0Sie\u00a0uns\u00a0gern\u00a0auf\u00a0unser\u00a0Trainings- und Kursangebot\u00a0an!Sie\u00a0k\u00f6nnen\u00a0sich\u00a0nicht\u00a0erinnern,\u00a0wann\u00a0Sie das\u00a0letzte\u00a0Mal\u00a0etwas\u00a0f\u00fcr\u00a0sich\u00a0getan\u00a0oder\u00a0so\u00a0richtig\u00a0entspannt\u00a0haben? Sie\u00a0m\u00f6chten\u00a0einen\u00a0lieben\u00a0Menschen\u00a0\u00fcberraschen und\u00a0Ihn\u00a0verw\u00f6hnen? Dann\u00a0verschaffen\u00a0Sie\u00a0sich\u00a0einen\u00a0\u00dcberblick\u00a0\u00fcber\u00a0unsere\u00a0Wellness- und Ayurveda Anwendungen.<\/p>\n<p>Ihr\u00a0Unternehmen\u00a0hat\u00a0erkannt,\u00a0dass\u00a0sich\u00a0die\u00a0Gesundheit\u00a0der\u00a0Mitarbeiter\u00a0positiv\u00a0auf\u00a0Leistungsprozesse\u00a0auswirkt? Sie\u00a0wollen\u00a0die\u00a0Gesundheit\u00a0Ihrer\u00a0Mitarbeiter\u00a0f\u00f6rdern und dadurch zur Verbesserung\u00a0des\u00a0Gesundheitszustandes Ihrer\u00a0Mitarbeiter\u00a0beitragen? Unser\u00a0Leistungsangebot\u00a0erstreckt\u00a0sich\u00a0von\u00a0Entspannungsmassagen\u00a0in\u00a0Form\u00a0von Einzelbehandlungen, \u00fcber dynamische\u00a0Gruppenbetreuung\u00a0mittels\u00a0Bewegungsprogrammen\u00a0(z.B.\u00a0R\u00fcckenkurse) bis\u00a0hin\u00a0zur\u00a0F\u00f6rderung\u00a0von\u00a0Entspannung\u00a0(Yoga,\u00a0Mittagspausenentspannung\u00a0oder\u00a0Stressmanagement Seminaren). Gern\u00a0besichtigen\u00a0wir\u00a0Ihren\u00a0Arbeitsplatz\u00a0und\u00a0geben\u00a0hilfreiche Impulse\u00a0zur\u00a0\u00d6konomisierung\u00a0und\u00a0ergonomischen Gestaltung\u00a0Ihres\u00a0Wirkungsfeldes.<\/p>\n<p><strong><br \/>Wir sind Ihr\u00a0Partner\u00a0f\u00fcr\u00a0Gesundheitsf\u00f6rderung und\u00a0Entspannung<\/strong><\/p>\n<p>Wir\u00a0leben\u00a0in\u00a0einer\u00a0Zeit\u00a0die\u00a0von\u00a0Ver\u00e4nderungen\u00a0und\u00a0Fortschritt\u00a0gepr\u00e4gt\u00a0ist\u00a0und\u00a0welche\u00a0uns\u00a0Menschen\u00a0kontinuierlich vor\u00a0neue\u00a0Herausforderungen\u00a0stellt. Damit\u00a0steigen\u00a0die\u00a0Anforderungen\u00a0an\u00a0die\u00a0Bew\u00e4ltigung\u00a0des\u00a0Alltags\u00a0und\u00a0an\u00a0das\u00a0Leben. Bei\u00a0der\u00a0Bew\u00e4ltigung\u00a0der\u00a0privaten\u00a0und\u00a0beruflichen\u00a0Herausforderungen geschieht\u00a0es\u00a0schnell,\u00a0dass\u00a0man\u00a0das\u00a0Wichtigste aus\u00a0den\u00a0Augen\u00a0verliert-\u00a0SICH\u00a0SELBST!\u00a0Die\u00a0Folgen\u00a0sind\u00a0weitreichend\u00a0und\u00a0k\u00f6nnen;\u00a0von\u00a0Stress\u00a0und\u00a0\u00dcberforderung, bis\u00a0hin\u00a0zu\u00a0psychischen\u00a0sowie\u00a0k\u00f6rperlichen\u00a0Beschwerden\u00a0reichen. Sie\u00a0sind\u00a0auf\u00a0der\u00a0Suche\u00a0nach\u00a0einem\u00a0Team,\u00a0welches\u00a0Ihnen\u00a0bei\u00a0der\u00a0Erreichung\u00a0Ihrer\u00a0gesundheitsorientierten\u00a0Ziele kompetent und\u00a0emphatisch\u00a0zur\u00a0Seite\u00a0steht?\u00a0Hier\u00a0sind\u00a0wir,\u00a0die\u00a0Physiotherapie\u00a0Finesse\u00a0|\u00a0Sylvia\u00a0Kulse\u00a0&amp;\u00a0Team!<\/p>\n<p><strong><br \/>Unsere Mission<\/strong><\/p>\n<p>Wir\u00a0als\u00a0Team\u00a0der\u00a0Physiotherapie\u00a0Finesse\u00a0wollen\u00a0unsere\u00a0Patienten,\u00a0Kursteilnehmer\u00a0und\u00a0Wellness\u00a0Kunden\u00a0dabei unterst\u00fctzen,\u00a0den\u00a0Wert\u00a0des\u00a0Lebens\u00a0zu\u00a0erkennen, zu\u00a0sp\u00fcren\u00a0und\u00a0zu\u00a0st\u00e4rken.\u00a0Unser\u00a0Portfolio\u00a0erstreckt\u00a0sich\u00a0von Physiotherapie\u00a0\u00fcber\u00a0Betriebliche\u00a0Gesundheitsf\u00f6rderung\u00a0bis\u00a0hin\u00a0zu\u00a0einem\u00a0umfassenden\u00a0Trainings-, Entspannungs- und\u00a0Wellnessangebot.\u00a0Gern\u00a0unterst\u00fctzen\u00a0und\u00a0begleiten\u00a0wir\u00a0Sie\u00a0auf\u00a0dem\u00a0Weg\u00a0zu\u00a0einem\u00a0neuen\u00a0Gesundheitsverst\u00e4ndnis und\u00a0Lebensgef\u00fchl.[\/vc_column_text]<div class=\"section_header subtitle_bottom   fancy text-center\">\r\n\r\n    \r\n\r\n        <p><\/p>\r\n<\/div><!-- ========================== TEASER BOX ==========================-->\r\n\r\n<div class=\"teaser_box wpb_content_element text-center      with_button \">\r\n\r\n\r\n\r\n\r\n        \r\n\r\n\r\n\r\n\r\n\r\n<\/div>\r\n\r\n<!-- END======================= TEASER BOX ==========================-->\r\n[\/vc_column][\/vc_row][vc_row][vc_column width=&#8220;1\/2&#8243;][vc_row_inner][vc_column_inner width=&#8220;1\/2&#8243;][vc_column_text css=&#8220;.vc_custom_1488217854686{margin-top: 30px !important;}&#8220;]<\/p>\n<h3>Sylvia Kulse<\/h3>\n<p>Praxisinhaberin und Physiotherapeutin[\/vc_column_text][\/vc_column_inner][vc_column_inner width=&#8220;1\/2&#8243;][vc_single_image image=&#8220;100&#8243; alignment=&#8220;center&#8220; style=&#8220;vc_box_circle_2&#8243;][\/vc_column_inner][\/vc_row_inner][vc_column_text]<\/p>\n<h3>\u00a0<\/h3>\n<p>Ich bin Sylvia Kulse und m\u00f6chte an dieser Stelle gern die Gelegenheit nutzen, um mich pers\u00f6nlich bei Ihnen vorzustellen.<\/p>\n<p>Im Jahre 2002\/03 absolvierte ich erfolgreich die Ausbildung zur Fachberaterin f\u00fcr Freizeit und Fitness und setzte meine Kenntnisse vier Jahre im Ausland als Fitnesstrainerin\/ Teamleiterin bei der TUI um.<br \/>In mir kam der Wunsch auf, individueller mit Menschen zu arbeiten und mein Wissen auf dem Gebiet der Gesundheit zu vertiefen. Auf dieser Grundlage begann ich 2007 die Ausbildung als Physiotherapeutin an der Heimerer Schule in Leipzig. Seit 2010 bin ich staatlich anerkannte Physiotherapeutin<\/p>\n<p>Nach meinem Abschluss sammelte ich zun\u00e4chst erste wichtige Berufserfahrungen in M\u00fcnchen. W\u00e4hrend dieser Zeit, konnte ich meine Kenntnisse und Fertigkeiten vor allem in den Bereichen Orthop\u00e4die, Sporttherapie, Atemtherapie und Chirurgie festigen und vertiefen. Als Freiberufliche Physiotherapeutin konnte ich meine F\u00e4higkeiten in verschiedenen Praxen weiter ausbauen.<\/p>\n<p>Aus privaten Gr\u00fcnden zog es mich dann 2014 zur\u00fcck, zu meinen Wurzeln, nach Leipzig. In den vergangenen zwei Jahren habe ich mein Know-how mit weiteren wertvollen Erfahrungen als Angestellte in einer Physiotherapiepraxis erweitert.<\/p>\n<p>\u00a0<\/p>\n<p>Seit 2015 reifte die Idee, mich mit einer eigenen Praxis selbstst\u00e4ndig zu machen. Mit gro\u00dfer Freude er\u00f6ffnete ich am 1. Juli 2016 meine Praxis in Gohlis[\/vc_column_text][\/vc_column][vc_column width=&#8220;1\/2&#8243;][vc_row_inner][vc_column_inner][vc_column_text css=&#8220;.vc_custom_1500363358821{margin-top: 30px !important;}&#8220;]<\/p>\n<p>\u00a0<\/p>\n\n\n<p><\/p>\n","protected":false},"excerpt":{"rendered":"<p>[vc_row full_width=&#8220;0&#8243; full_height=&#8220;0&#8243; row_padding=&#8220;no_padding&#8220; cols_padding=&#8220;no_cols_padding&#8220; elevate=&#8220;elevate&#8220; background=&#8220;transparent&#8220; el_class=&#8220;folded_section&#8220;][vc_column width=&#8220;1\/4&#8243; color_set=&#8220;skincolored_section&#8220; background=&#8220;transparent&#8220; offset=&#8220;vc_col-xs-6&#8243; css=&#8220;.vc_custom_1467308606596{background-color: #e0d2b5 !important;}&#8220;][\/vc_column][vc_column width=&#8220;1\/4&#8243; color_set=&#8220;skincolored_section&#8220; background=&#8220;transparent&#8220; offset=&#8220;vc_col-xs-6&#8243; css=&#8220;.vc_custom_1467308661047{background-color: #a3c7c1 !important;}&#8220;][\/vc_column][vc_column width=&#8220;1\/4&#8243; color_set=&#8220;skincolored_section&#8220; offset=&#8220;vc_col-xs-6&#8243; css=&#8220;.vc_custom_1467308727291{background-color: #e7dde3 !important;}&#8220;][\/vc_column][vc_column width=&#8220;1\/4&#8243; color_set=&#8220;skincolored_section&#8220; background=&#8220;transparent&#8220; offset=&#8220;vc_col-xs-6&#8243; css=&#8220;.vc_custom_1467308748233{background-color: #96cb9e !important;}&#8220;][\/vc_column][\/vc_row][vc_row full_width=&#8220;0&#8243; full_height=&#8220;0&#8243; row_padding=&#8220;no_top_padding&#8220; sep_bottom=&#8220;separator_bottom sep_angled_positive_bottom&#8220; particles=&#8220;0&#8243;][vc_column][\/vc_column][vc_column el_class=&#8220;&#8220; width=&#8220;&#8220; heading_align=&#8220;&#8220; align=&#8220;&#8220; color_set=&#8220;&#8220; background=&#8220;&#8220; transparent_overlay=&#8220;&#8220; boxed=&#8220;&#8220; margin=&#8220;&#8220; elevate=&#8220;&#8220; same_height_col=&#8220;&#8220; animation=&#8220;&#8220; offset=&#8220;&#8220; css=&#8220;&#8220; [&hellip;]<\/p>\n","protected":false},"author":1,"featured_media":0,"parent":0,"menu_order":0,"comment_status":"closed","ping_status":"closed","template":"","meta":{"footnotes":""},"yoast_head":"<!-- This site is optimized with the Yoast SEO plugin v22.9 - https:\/\/yoast.com\/wordpress\/plugins\/seo\/ -->\n<title>- Physiotherapie Finesse - TRAINING | WELLNESS | B. GESUNDHEITSF\u00d6RDERUNG<\/title>\n<meta name=\"robots\" content=\"index, follow, max-snippet:-1, max-image-preview:large, max-video-preview:-1\" \/>\n<link rel=\"canonical\" href=\"https:\/\/physiotherapie-finesse.de\/\" \/>\n<meta property=\"og:locale\" content=\"de_DE\" \/>\n<meta property=\"og:type\" content=\"article\" \/>\n<meta property=\"og:title\" content=\"- Physiotherapie Finesse - TRAINING | WELLNESS | B. GESUNDHEITSF\u00d6RDERUNG\" \/>\n<meta property=\"og:description\" content=\"[vc_row full_width=&#8220;0&#8243; full_height=&#8220;0&#8243; row_padding=&#8220;no_padding&#8220; cols_padding=&#8220;no_cols_padding&#8220; elevate=&#8220;elevate&#8220; background=&#8220;transparent&#8220; el_class=&#8220;folded_section&#8220;][vc_column width=&#8220;1\/4&#8243; color_set=&#8220;skincolored_section&#8220; background=&#8220;transparent&#8220; offset=&#8220;vc_col-xs-6&#8243; css=&#8220;.vc_custom_1467308606596{background-color: #e0d2b5 !important;}&#8220;][\/vc_column][vc_column width=&#8220;1\/4&#8243; color_set=&#8220;skincolored_section&#8220; background=&#8220;transparent&#8220; offset=&#8220;vc_col-xs-6&#8243; css=&#8220;.vc_custom_1467308661047{background-color: #a3c7c1 !important;}&#8220;][\/vc_column][vc_column width=&#8220;1\/4&#8243; color_set=&#8220;skincolored_section&#8220; offset=&#8220;vc_col-xs-6&#8243; css=&#8220;.vc_custom_1467308727291{background-color: #e7dde3 !important;}&#8220;][\/vc_column][vc_column width=&#8220;1\/4&#8243; color_set=&#8220;skincolored_section&#8220; background=&#8220;transparent&#8220; offset=&#8220;vc_col-xs-6&#8243; css=&#8220;.vc_custom_1467308748233{background-color: #96cb9e !important;}&#8220;][\/vc_column][\/vc_row][vc_row full_width=&#8220;0&#8243; full_height=&#8220;0&#8243; row_padding=&#8220;no_top_padding&#8220; sep_bottom=&#8220;separator_bottom sep_angled_positive_bottom&#8220; particles=&#8220;0&#8243;][vc_column][\/vc_column][vc_column el_class=&#8220;&#8220; width=&#8220;&#8220; heading_align=&#8220;&#8220; align=&#8220;&#8220; color_set=&#8220;&#8220; background=&#8220;&#8220; transparent_overlay=&#8220;&#8220; boxed=&#8220;&#8220; margin=&#8220;&#8220; elevate=&#8220;&#8220; same_height_col=&#8220;&#8220; animation=&#8220;&#8220; offset=&#8220;&#8220; css=&#8220;&#8220; [&hellip;]\" \/>\n<meta property=\"og:url\" content=\"https:\/\/physiotherapie-finesse.de\/\" \/>\n<meta property=\"og:site_name\" content=\"Physiotherapie Finesse - TRAINING | WELLNESS | B. GESUNDHEITSF\u00d6RDERUNG\" \/>\n<meta property=\"article:modified_time\" content=\"2019-07-01T16:42:18+00:00\" \/>\n<meta name=\"twitter:card\" content=\"summary_large_image\" \/>\n<meta name=\"twitter:label1\" content=\"Gesch\u00e4tzte Lesezeit\" \/>\n\t<meta name=\"twitter:data1\" content=\"5 Minuten\" \/>\n<script type=\"application\/ld+json\" class=\"yoast-schema-graph\">{\"@context\":\"https:\/\/schema.org\",\"@graph\":[{\"@type\":\"WebPage\",\"@id\":\"https:\/\/physiotherapie-finesse.de\/\",\"url\":\"https:\/\/physiotherapie-finesse.de\/\",\"name\":\"- Physiotherapie Finesse - TRAINING | WELLNESS | B. GESUNDHEITSF\u00d6RDERUNG\",\"isPartOf\":{\"@id\":\"https:\/\/physiotherapie-finesse.de\/#website\"},\"datePublished\":\"2016-06-24T09:11:47+00:00\",\"dateModified\":\"2019-07-01T16:42:18+00:00\",\"inLanguage\":\"de-DE\",\"potentialAction\":[{\"@type\":\"ReadAction\",\"target\":[\"https:\/\/physiotherapie-finesse.de\/\"]}]},{\"@type\":\"WebSite\",\"@id\":\"https:\/\/physiotherapie-finesse.de\/#website\",\"url\":\"https:\/\/physiotherapie-finesse.de\/\",\"name\":\"Physiotherapie Finesse - TRAINING | WELLNESS | B. GESUNDHEITSF\u00d6RDERUNG\",\"description\":\"\",\"potentialAction\":[{\"@type\":\"SearchAction\",\"target\":{\"@type\":\"EntryPoint\",\"urlTemplate\":\"https:\/\/physiotherapie-finesse.de\/?s={search_term_string}\"},\"query-input\":\"required name=search_term_string\"}],\"inLanguage\":\"de-DE\"}]}<\/script>\n<!-- \/ Yoast SEO plugin. -->","yoast_head_json":{"title":"- Physiotherapie Finesse - TRAINING | WELLNESS | B. GESUNDHEITSF\u00d6RDERUNG","robots":{"index":"index","follow":"follow","max-snippet":"max-snippet:-1","max-image-preview":"max-image-preview:large","max-video-preview":"max-video-preview:-1"},"canonical":"https:\/\/physiotherapie-finesse.de\/","og_locale":"de_DE","og_type":"article","og_title":"- Physiotherapie Finesse - TRAINING | WELLNESS | B. GESUNDHEITSF\u00d6RDERUNG","og_description":"[vc_row full_width=&#8220;0&#8243; full_height=&#8220;0&#8243; row_padding=&#8220;no_padding&#8220; cols_padding=&#8220;no_cols_padding&#8220; elevate=&#8220;elevate&#8220; background=&#8220;transparent&#8220; el_class=&#8220;folded_section&#8220;][vc_column width=&#8220;1\/4&#8243; color_set=&#8220;skincolored_section&#8220; background=&#8220;transparent&#8220; offset=&#8220;vc_col-xs-6&#8243; css=&#8220;.vc_custom_1467308606596{background-color: #e0d2b5 !important;}&#8220;][\/vc_column][vc_column width=&#8220;1\/4&#8243; color_set=&#8220;skincolored_section&#8220; background=&#8220;transparent&#8220; offset=&#8220;vc_col-xs-6&#8243; css=&#8220;.vc_custom_1467308661047{background-color: #a3c7c1 !important;}&#8220;][\/vc_column][vc_column width=&#8220;1\/4&#8243; color_set=&#8220;skincolored_section&#8220; offset=&#8220;vc_col-xs-6&#8243; css=&#8220;.vc_custom_1467308727291{background-color: #e7dde3 !important;}&#8220;][\/vc_column][vc_column width=&#8220;1\/4&#8243; color_set=&#8220;skincolored_section&#8220; background=&#8220;transparent&#8220; offset=&#8220;vc_col-xs-6&#8243; css=&#8220;.vc_custom_1467308748233{background-color: #96cb9e !important;}&#8220;][\/vc_column][\/vc_row][vc_row full_width=&#8220;0&#8243; full_height=&#8220;0&#8243; row_padding=&#8220;no_top_padding&#8220; sep_bottom=&#8220;separator_bottom sep_angled_positive_bottom&#8220; particles=&#8220;0&#8243;][vc_column][\/vc_column][vc_column el_class=&#8220;&#8220; width=&#8220;&#8220; heading_align=&#8220;&#8220; align=&#8220;&#8220; color_set=&#8220;&#8220; background=&#8220;&#8220; transparent_overlay=&#8220;&#8220; boxed=&#8220;&#8220; margin=&#8220;&#8220; elevate=&#8220;&#8220; same_height_col=&#8220;&#8220; animation=&#8220;&#8220; offset=&#8220;&#8220; css=&#8220;&#8220; [&hellip;]","og_url":"https:\/\/physiotherapie-finesse.de\/","og_site_name":"Physiotherapie Finesse - TRAINING | WELLNESS | B. GESUNDHEITSF\u00d6RDERUNG","article_modified_time":"2019-07-01T16:42:18+00:00","twitter_card":"summary_large_image","twitter_misc":{"Gesch\u00e4tzte Lesezeit":"5 Minuten"},"schema":{"@context":"https:\/\/schema.org","@graph":[{"@type":"WebPage","@id":"https:\/\/physiotherapie-finesse.de\/","url":"https:\/\/physiotherapie-finesse.de\/","name":"- Physiotherapie Finesse - TRAINING | WELLNESS | B. GESUNDHEITSF\u00d6RDERUNG","isPartOf":{"@id":"https:\/\/physiotherapie-finesse.de\/#website"},"datePublished":"2016-06-24T09:11:47+00:00","dateModified":"2019-07-01T16:42:18+00:00","inLanguage":"de-DE","potentialAction":[{"@type":"ReadAction","target":["https:\/\/physiotherapie-finesse.de\/"]}]},{"@type":"WebSite","@id":"https:\/\/physiotherapie-finesse.de\/#website","url":"https:\/\/physiotherapie-finesse.de\/","name":"Physiotherapie Finesse - TRAINING | WELLNESS | B. GESUNDHEITSF\u00d6RDERUNG","description":"","potentialAction":[{"@type":"SearchAction","target":{"@type":"EntryPoint","urlTemplate":"https:\/\/physiotherapie-finesse.de\/?s={search_term_string}"},"query-input":"required name=search_term_string"}],"inLanguage":"de-DE"}]}},"_links":{"self":[{"href":"https:\/\/physiotherapie-finesse.de\/index.php?rest_route=\/wp\/v2\/pages\/6"}],"collection":[{"href":"https:\/\/physiotherapie-finesse.de\/index.php?rest_route=\/wp\/v2\/pages"}],"about":[{"href":"https:\/\/physiotherapie-finesse.de\/index.php?rest_route=\/wp\/v2\/types\/page"}],"author":[{"embeddable":true,"href":"https:\/\/physiotherapie-finesse.de\/index.php?rest_route=\/wp\/v2\/users\/1"}],"replies":[{"embeddable":true,"href":"https:\/\/physiotherapie-finesse.de\/index.php?rest_route=%2Fwp%2Fv2%2Fcomments&post=6"}],"version-history":[{"count":107,"href":"https:\/\/physiotherapie-finesse.de\/index.php?rest_route=\/wp\/v2\/pages\/6\/revisions"}],"predecessor-version":[{"id":648,"href":"https:\/\/physiotherapie-finesse.de\/index.php?rest_route=\/wp\/v2\/pages\/6\/revisions\/648"}],"wp:attachment":[{"href":"https:\/\/physiotherapie-finesse.de\/index.php?rest_route=%2Fwp%2Fv2%2Fmedia&parent=6"}],"curies":[{"name":"wp","href":"https:\/\/api.w.org\/{rel}","templated":true}]}}