{"id":75,"date":"2016-06-30T19:58:09","date_gmt":"2016-06-30T19:58:09","guid":{"rendered":"http:\/\/preview.physiotherapie-finesse.de\/?page_id=75"},"modified":"2018-04-03T14:00:18","modified_gmt":"2018-04-03T14:00:18","slug":"kontakt","status":"publish","type":"page","link":"https:\/\/physiotherapie-finesse.de\/?page_id=75","title":{"rendered":"Kontakt"},"content":{"rendered":"<p>[vc_row align=&#8220;text-left&#8220; full_width=&#8220;0&#8243; full_height=&#8220;1&#8243; row_padding=&#8220;no_padding&#8220; background=&#8220;bgimage&#8220; bgimage=&#8220;103&#8243; parallax=&#8220;1&#8243;][vc_column width=&#8220;1\/2&#8243; boxed=&#8220;boxed_plus&#8220; margin=&#8220;margin_top_grid&#8220; css=&#8220;.vc_custom_1469184942423{margin-top: 64px !important;}&#8220;][vc_text_separator title=&#8220;Kontaktformular&#8220; title_align=&#8220;separator_align_left&#8220;]\n<div class=\"wpcf7 no-js\" id=\"wpcf7-f5-o1\" lang=\"de-DE\" dir=\"ltr\">\n<div class=\"screen-reader-response\"><p role=\"status\" aria-live=\"polite\" aria-atomic=\"true\"><\/p> <ul><\/ul><\/div>\n<form action=\"\/index.php?rest_route=%2Fwp%2Fv2%2Fpages%2F75#wpcf7-f5-o1\" method=\"post\" class=\"wpcf7-form init\" aria-label=\"Kontaktformular\" novalidate=\"novalidate\" data-status=\"init\">\n<div style=\"display: none;\">\n<input type=\"hidden\" name=\"_wpcf7\" value=\"5\" \/>\n<input type=\"hidden\" name=\"_wpcf7_version\" value=\"5.9.6\" \/>\n<input type=\"hidden\" name=\"_wpcf7_locale\" value=\"de_DE\" \/>\n<input type=\"hidden\" name=\"_wpcf7_unit_tag\" value=\"wpcf7-f5-o1\" \/>\n<input type=\"hidden\" name=\"_wpcf7_container_post\" value=\"0\" \/>\n<input type=\"hidden\" name=\"_wpcf7_posted_data_hash\" value=\"\" \/>\n<\/div>\n<p>Ihr Name (Pflichtfeld)\n<\/p>\n<p><span class=\"wpcf7-form-control-wrap\" data-name=\"your-name\"><input size=\"40\" maxlength=\"80\" class=\"wpcf7-form-control wpcf7-form-control form-control wpcf7-validates-as-required\" aria-required=\"true\" aria-invalid=\"false\" value=\"\" type=\"text\" name=\"your-name\" \/><\/span>\n<\/p>\n<p>Ihre E-Mail-Adresse (Pflichtfeld)\n<\/p>\n<p><span class=\"wpcf7-form-control-wrap\" data-name=\"your-email\"><input size=\"40\" maxlength=\"80\" class=\"wpcf7-form-control wpcf7-form-control form-control wpcf7-validates-as-required wpcf7-form-control form-control wpcf7-validates-as-email\" aria-required=\"true\" aria-invalid=\"false\" value=\"\" type=\"email\" name=\"your-email\" \/><\/span>\n<\/p>\n<p>Betreff\n<\/p>\n<p><span class=\"wpcf7-form-control-wrap\" data-name=\"your-subject\"><input size=\"40\" maxlength=\"80\" class=\"wpcf7-form-control wpcf7-form-control form-control\" aria-invalid=\"false\" value=\"\" type=\"text\" name=\"your-subject\" \/><\/span>\n<\/p>\n<p>Ihre Nachricht\n<\/p>\n<p><span class=\"wpcf7-form-control-wrap\" data-name=\"your-message\"><textarea cols=\"40\" rows=\"10\" maxlength=\"400\" class=\"wpcf7-form-control wpcf7-form-control wpcf7-form-control form-control\" aria-invalid=\"false\" name=\"your-message\"><\/textarea><\/span>\n<\/p>\n<p><input class=\"wpcf7-form-control wpcf7-submit btn btn-primary has-spinner\" type=\"submit\" value=\"Senden\" \/>\n<\/p><div class=\"wpcf7-response-output\" aria-hidden=\"true\"><\/div>\n<\/form>\n<\/div>\n[\/vc_column][vc_column width=&#8220;1\/2&#8243; heading_align=&#8220;text-center&#8220; boxed=&#8220;boxed_plus&#8220;][vc_empty_space height=&#8220;64px&#8220;][vc_text_separator title=&#8220;Kontaktinformationen&#8220; title_align=&#8220;separator_align_left&#8220;][vc_column_text]<\/p>\n<div class=\"wpb_text_column wpb_content_element \">\n<div class=\"wpb_wrapper\" style=\"text-align: left;\">Das Team der Physiotherapie Finesse hei\u00dft Sie Herzlich willkommen! Gern k\u00f6nnen Sie pers\u00f6nlich, telefonisch oder \u00fcber das nebenstehende Formular mit uns in Kontakt treten.<\/div>\n<\/div>\n<p>[\/vc_column_text][vc_column_text]<\/p>\n<div class=\"wpb_text_column wpb_content_element \">\n<div class=\"wpb_wrapper\">Wir haben <strong>Montag bis Donnerstag von 07:30 Uhr \u2013 19:30 Uhr <\/strong>und <strong>Freitag von 07:30 \u2013 16:30 Uhr<\/strong>\u00a0f\u00fcr Sie ge\u00f6ffnet.<\/div>\n<div class=\"wpb_wrapper\"><\/div>\n<\/div>\n<p>[\/vc_column_text][vc_column_text]<\/p>\n<div class=\"wpb_text_column wpb_content_element \">\n<div class=\"wpb_wrapper\"><\/div>\n<div class=\"wpb_wrapper\">\n<p>Sie finden uns im wundersch\u00f6nen Leipzig, Landsberger Str. 28. (<small><a href=\"https:\/\/www.google.de\/maps\/place\/Landsberger+Str.+28,+04157+Leipzig\/@51.3698933,12.3634913,17z\/data=!3m1!4b1!4m5!3m4!1s0x47a6580862d5608b:0x5c00e666db302edb!8m2!3d51.36989!4d12.36568\">google maps<\/a>)\u00a0<\/small><\/p>\n<h3>Wir freuen uns auf Ihren Besuch.<\/h3>\n<\/div>\n<div class=\"wpb_wrapper\"><\/div>\n<\/div>\n<p>[\/vc_column_text][vc_column_text]<\/p>\n<div class=\"wpb_text_column wpb_content_element \">\n<div class=\"wpb_wrapper\"><\/div>\n<div class=\"wpb_wrapper\">Ihr Team der Physiotherapie\u00a0Finesse<\/div>\n<\/div>\n<p>[\/vc_column_text][\/vc_column][\/vc_row]<\/p>\n","protected":false},"excerpt":{"rendered":"<p>[vc_row align=&#8220;text-left&#8220; full_width=&#8220;0&#8243; full_height=&#8220;1&#8243; row_padding=&#8220;no_padding&#8220; background=&#8220;bgimage&#8220; bgimage=&#8220;103&#8243; parallax=&#8220;1&#8243;][vc_column width=&#8220;1\/2&#8243; boxed=&#8220;boxed_plus&#8220; margin=&#8220;margin_top_grid&#8220; css=&#8220;.vc_custom_1469184942423{margin-top: 64px !important;}&#8220;][vc_text_separator title=&#8220;Kontaktformular&#8220; title_align=&#8220;separator_align_left&#8220;][\/vc_column][vc_column width=&#8220;1\/2&#8243; heading_align=&#8220;text-center&#8220; boxed=&#8220;boxed_plus&#8220;][vc_empty_space height=&#8220;64px&#8220;][vc_text_separator title=&#8220;Kontaktinformationen&#8220; title_align=&#8220;separator_align_left&#8220;][vc_column_text] Das Team der Physiotherapie Finesse hei\u00dft Sie Herzlich willkommen! Gern k\u00f6nnen Sie pers\u00f6nlich, telefonisch oder \u00fcber das nebenstehende Formular mit uns in Kontakt treten. [\/vc_column_text][vc_column_text] Wir haben Montag bis Donnerstag von 07:30 Uhr [&hellip;]<\/p>\n","protected":false},"author":1,"featured_media":0,"parent":0,"menu_order":0,"comment_status":"closed","ping_status":"closed","template":"","meta":{"footnotes":""},"yoast_head":"<!-- This site is optimized with the Yoast SEO plugin v22.9 - https:\/\/yoast.com\/wordpress\/plugins\/seo\/ -->\n<title>Kontakt - Physiotherapie Finesse - TRAINING | WELLNESS | B. GESUNDHEITSF\u00d6RDERUNG<\/title>\n<meta name=\"robots\" content=\"index, follow, max-snippet:-1, max-image-preview:large, max-video-preview:-1\" \/>\n<link rel=\"canonical\" href=\"https:\/\/physiotherapie-finesse.de\/?page_id=75\" \/>\n<meta property=\"og:locale\" content=\"de_DE\" \/>\n<meta property=\"og:type\" content=\"article\" \/>\n<meta property=\"og:title\" content=\"Kontakt - Physiotherapie Finesse - TRAINING | WELLNESS | B. GESUNDHEITSF\u00d6RDERUNG\" \/>\n<meta property=\"og:description\" content=\"[vc_row align=&#8220;text-left&#8220; full_width=&#8220;0&#8243; full_height=&#8220;1&#8243; row_padding=&#8220;no_padding&#8220; background=&#8220;bgimage&#8220; bgimage=&#8220;103&#8243; parallax=&#8220;1&#8243;][vc_column width=&#8220;1\/2&#8243; boxed=&#8220;boxed_plus&#8220; margin=&#8220;margin_top_grid&#8220; css=&#8220;.vc_custom_1469184942423{margin-top: 64px !important;}&#8220;][vc_text_separator title=&#8220;Kontaktformular&#8220; title_align=&#8220;separator_align_left&#8220;][\/vc_column][vc_column width=&#8220;1\/2&#8243; heading_align=&#8220;text-center&#8220; boxed=&#8220;boxed_plus&#8220;][vc_empty_space height=&#8220;64px&#8220;][vc_text_separator title=&#8220;Kontaktinformationen&#8220; title_align=&#8220;separator_align_left&#8220;][vc_column_text] Das Team der Physiotherapie Finesse hei\u00dft Sie Herzlich willkommen! Gern k\u00f6nnen Sie pers\u00f6nlich, telefonisch oder \u00fcber das nebenstehende Formular mit uns in Kontakt treten. [\/vc_column_text][vc_column_text] Wir haben Montag bis Donnerstag von 07:30 Uhr [&hellip;]\" \/>\n<meta property=\"og:url\" content=\"https:\/\/physiotherapie-finesse.de\/?page_id=75\" \/>\n<meta property=\"og:site_name\" content=\"Physiotherapie Finesse - TRAINING | WELLNESS | B. GESUNDHEITSF\u00d6RDERUNG\" \/>\n<meta property=\"article:modified_time\" content=\"2018-04-03T14:00:18+00:00\" \/>\n<meta name=\"twitter:card\" content=\"summary_large_image\" \/>\n<meta name=\"twitter:label1\" content=\"Gesch\u00e4tzte Lesezeit\" \/>\n\t<meta name=\"twitter:data1\" content=\"1 Minute\" \/>\n<script type=\"application\/ld+json\" class=\"yoast-schema-graph\">{\"@context\":\"https:\/\/schema.org\",\"@graph\":[{\"@type\":\"WebPage\",\"@id\":\"https:\/\/physiotherapie-finesse.de\/?page_id=75\",\"url\":\"https:\/\/physiotherapie-finesse.de\/?page_id=75\",\"name\":\"Kontakt - Physiotherapie Finesse - TRAINING | WELLNESS | B. GESUNDHEITSF\u00d6RDERUNG\",\"isPartOf\":{\"@id\":\"https:\/\/physiotherapie-finesse.de\/#website\"},\"datePublished\":\"2016-06-30T19:58:09+00:00\",\"dateModified\":\"2018-04-03T14:00:18+00:00\",\"breadcrumb\":{\"@id\":\"https:\/\/physiotherapie-finesse.de\/?page_id=75#breadcrumb\"},\"inLanguage\":\"de-DE\",\"potentialAction\":[{\"@type\":\"ReadAction\",\"target\":[\"https:\/\/physiotherapie-finesse.de\/?page_id=75\"]}]},{\"@type\":\"BreadcrumbList\",\"@id\":\"https:\/\/physiotherapie-finesse.de\/?page_id=75#breadcrumb\",\"itemListElement\":[{\"@type\":\"ListItem\",\"position\":1,\"name\":\"Startseite\",\"item\":\"https:\/\/physiotherapie-finesse.de\/\"},{\"@type\":\"ListItem\",\"position\":2,\"name\":\"Kontakt\"}]},{\"@type\":\"WebSite\",\"@id\":\"https:\/\/physiotherapie-finesse.de\/#website\",\"url\":\"https:\/\/physiotherapie-finesse.de\/\",\"name\":\"Physiotherapie Finesse - TRAINING | WELLNESS | B. GESUNDHEITSF\u00d6RDERUNG\",\"description\":\"\",\"potentialAction\":[{\"@type\":\"SearchAction\",\"target\":{\"@type\":\"EntryPoint\",\"urlTemplate\":\"https:\/\/physiotherapie-finesse.de\/?s={search_term_string}\"},\"query-input\":\"required name=search_term_string\"}],\"inLanguage\":\"de-DE\"}]}<\/script>\n<!-- \/ Yoast SEO plugin. -->","yoast_head_json":{"title":"Kontakt - Physiotherapie Finesse - TRAINING | WELLNESS | B. GESUNDHEITSF\u00d6RDERUNG","robots":{"index":"index","follow":"follow","max-snippet":"max-snippet:-1","max-image-preview":"max-image-preview:large","max-video-preview":"max-video-preview:-1"},"canonical":"https:\/\/physiotherapie-finesse.de\/?page_id=75","og_locale":"de_DE","og_type":"article","og_title":"Kontakt - Physiotherapie Finesse - TRAINING | WELLNESS | B. GESUNDHEITSF\u00d6RDERUNG","og_description":"[vc_row align=&#8220;text-left&#8220; full_width=&#8220;0&#8243; full_height=&#8220;1&#8243; row_padding=&#8220;no_padding&#8220; background=&#8220;bgimage&#8220; bgimage=&#8220;103&#8243; parallax=&#8220;1&#8243;][vc_column width=&#8220;1\/2&#8243; boxed=&#8220;boxed_plus&#8220; margin=&#8220;margin_top_grid&#8220; css=&#8220;.vc_custom_1469184942423{margin-top: 64px !important;}&#8220;][vc_text_separator title=&#8220;Kontaktformular&#8220; title_align=&#8220;separator_align_left&#8220;][\/vc_column][vc_column width=&#8220;1\/2&#8243; heading_align=&#8220;text-center&#8220; boxed=&#8220;boxed_plus&#8220;][vc_empty_space height=&#8220;64px&#8220;][vc_text_separator title=&#8220;Kontaktinformationen&#8220; title_align=&#8220;separator_align_left&#8220;][vc_column_text] Das Team der Physiotherapie Finesse hei\u00dft Sie Herzlich willkommen! Gern k\u00f6nnen Sie pers\u00f6nlich, telefonisch oder \u00fcber das nebenstehende Formular mit uns in Kontakt treten. [\/vc_column_text][vc_column_text] Wir haben Montag bis Donnerstag von 07:30 Uhr [&hellip;]","og_url":"https:\/\/physiotherapie-finesse.de\/?page_id=75","og_site_name":"Physiotherapie Finesse - TRAINING | WELLNESS | B. GESUNDHEITSF\u00d6RDERUNG","article_modified_time":"2018-04-03T14:00:18+00:00","twitter_card":"summary_large_image","twitter_misc":{"Gesch\u00e4tzte Lesezeit":"1 Minute"},"schema":{"@context":"https:\/\/schema.org","@graph":[{"@type":"WebPage","@id":"https:\/\/physiotherapie-finesse.de\/?page_id=75","url":"https:\/\/physiotherapie-finesse.de\/?page_id=75","name":"Kontakt - Physiotherapie Finesse - TRAINING | WELLNESS | B. GESUNDHEITSF\u00d6RDERUNG","isPartOf":{"@id":"https:\/\/physiotherapie-finesse.de\/#website"},"datePublished":"2016-06-30T19:58:09+00:00","dateModified":"2018-04-03T14:00:18+00:00","breadcrumb":{"@id":"https:\/\/physiotherapie-finesse.de\/?page_id=75#breadcrumb"},"inLanguage":"de-DE","potentialAction":[{"@type":"ReadAction","target":["https:\/\/physiotherapie-finesse.de\/?page_id=75"]}]},{"@type":"BreadcrumbList","@id":"https:\/\/physiotherapie-finesse.de\/?page_id=75#breadcrumb","itemListElement":[{"@type":"ListItem","position":1,"name":"Startseite","item":"https:\/\/physiotherapie-finesse.de\/"},{"@type":"ListItem","position":2,"name":"Kontakt"}]},{"@type":"WebSite","@id":"https:\/\/physiotherapie-finesse.de\/#website","url":"https:\/\/physiotherapie-finesse.de\/","name":"Physiotherapie Finesse - TRAINING | WELLNESS | B. GESUNDHEITSF\u00d6RDERUNG","description":"","potentialAction":[{"@type":"SearchAction","target":{"@type":"EntryPoint","urlTemplate":"https:\/\/physiotherapie-finesse.de\/?s={search_term_string}"},"query-input":"required name=search_term_string"}],"inLanguage":"de-DE"}]}},"_links":{"self":[{"href":"https:\/\/physiotherapie-finesse.de\/index.php?rest_route=\/wp\/v2\/pages\/75"}],"collection":[{"href":"https:\/\/physiotherapie-finesse.de\/index.php?rest_route=\/wp\/v2\/pages"}],"about":[{"href":"https:\/\/physiotherapie-finesse.de\/index.php?rest_route=\/wp\/v2\/types\/page"}],"author":[{"embeddable":true,"href":"https:\/\/physiotherapie-finesse.de\/index.php?rest_route=\/wp\/v2\/users\/1"}],"replies":[{"embeddable":true,"href":"https:\/\/physiotherapie-finesse.de\/index.php?rest_route=%2Fwp%2Fv2%2Fcomments&post=75"}],"version-history":[{"count":33,"href":"https:\/\/physiotherapie-finesse.de\/index.php?rest_route=\/wp\/v2\/pages\/75\/revisions"}],"predecessor-version":[{"id":574,"href":"https:\/\/physiotherapie-finesse.de\/index.php?rest_route=\/wp\/v2\/pages\/75\/revisions\/574"}],"wp:attachment":[{"href":"https:\/\/physiotherapie-finesse.de\/index.php?rest_route=%2Fwp%2Fv2%2Fmedia&parent=75"}],"curies":[{"name":"wp","href":"https:\/\/api.w.org\/{rel}","templated":true}]}}